{"id":7,"date":"2018-02-27T15:25:52","date_gmt":"2018-02-27T15:25:52","guid":{"rendered":"http:\/\/semiramishotel.hu\/?page_id=7"},"modified":"2018-11-14T16:34:44","modified_gmt":"2018-11-14T16:34:44","slug":"szobak","status":"publish","type":"page","link":"https:\/\/semiramishotel.hu\/hu\/szobak\/","title":{"rendered":"Szob\u00e1k"},"content":{"rendered":"<p>[vc_row][vc_column width=&#8221;1\/2&#8243;]<div class=\"shortcode-banner\" style=\"min-height: 400px;background-image: url(https:\/\/semiramishotel.hu\/wp-content\/uploads\/2018\/06\/semiramis_hotel_lakosztaly.jpg)\"><div class=\"shortcode-banner-bg wf-table\" style=\"padding: 35px;min-height: 400px\"><div class=\"shortcode-banner-inside wf-table text-normal\" style=\"background-color: rgb(255,255,255);background-color: rgba(255,255,255,0.81);border: solid 35px transparent;outline: solid 0px;height: 365px\"><div><h3 style=\"text-align: center;\"><span style=\"color: #333333;\">K\u00e9t francia\u00e1gyas, duplak\u00e1das, udvarra n\u00e9z\u0151 erk\u00e9lyes, teakonyh\u00e1s lakoszt\u00e1ly h\u00e1rom f\u0151re<\/p>\n<p><\/span><\/h3>\n<p style=\"text-align: center;\"><span style=\"color: #cbaa5c;\"><\/p>\n<div class=\"hr-thin\"><\/div>\n<p><\/span><\/p>\n<p style=\"text-align: center;\"><a id=\"default-btn-1\" class=\"default-btn-shortcode dt-btn dt-btn-m \" tabindex=\"0\" href=\"https:\/\/ibe.sabeeapp.com\/properties\/BUSINESS-HOTEL-Semiramis-foglal%C3%A1s\/?p=bSp48fe3960b0a29f7c&amp;checkin=24-10-2018&amp;checkout=25-10-2018\" target=\"_blank\" rel=\"noopener\">\u00c1rkalkul\u00e1ci\u00f3 \/ Foglal\u00e1s &gt;&gt;<\/a><\/p>\n<\/div><\/div><\/div><\/div><div class=\"ult-spacer spacer-69ef23f8c49bc\" data-id=\"69ef23f8c49bc\" data-height=\"32\" data-height-mobile=\"32\" data-height-tab=\"32\" data-height-tab-portrait=\"\" data-height-mobile-landscape=\"\" style=\"clear:both;display:block;\"><\/div><div class=\"shortcode-banner\" style=\"min-height: 400px;background-image: url(https:\/\/semiramishotel.hu\/wp-content\/uploads\/2018\/06\/semiramis_hotel_franciaagyas_szoba_ket-fore.jpg)\"><div class=\"shortcode-banner-bg wf-table\" style=\"padding: 35px;min-height: 400px\"><div class=\"shortcode-banner-inside wf-table text-normal\" style=\"background-color: rgb(255,255,255);background-color: rgba(255,255,255,0.81);border: solid 35px transparent;outline: solid 0px;height: 365px\"><div><h3 style=\"text-align: center;\"><span style=\"color: #333333;\">Francia\u00e1gyas, sarokk\u00e1das, udvarra n\u00e9z\u0151, erk\u00e9lyes szoba k\u00e9t f\u0151re<br \/>\n<\/span><\/h3>\n<p style=\"text-align: center;\"><span style=\"color: #cbaa5c;\"><\/p>\n<div class=\"hr-thin\"><\/div>\n<p><\/span><\/p>\n<p style=\"text-align: center;\"><a id=\"default-btn-1\" class=\"default-btn-shortcode dt-btn dt-btn-m \" tabindex=\"0\" href=\"https:\/\/ibe.sabeeapp.com\/properties\/BUSINESS-HOTEL-Semiramis-foglal%C3%A1s\/?p=bSp48fe3960b0a29f7c&amp;checkin=24-10-2018&amp;checkout=25-10-2018\" target=\"_blank\" rel=\"noopener\">\u00c1rkalkul\u00e1ci\u00f3 \/ Foglal\u00e1s &gt;&gt;<\/a><\/p>\n<\/div><\/div><\/div><\/div><div class=\"ult-spacer spacer-69ef23f8c4d94\" data-id=\"69ef23f8c4d94\" data-height=\"32\" data-height-mobile=\"32\" data-height-tab=\"32\" data-height-tab-portrait=\"\" data-height-mobile-landscape=\"\" style=\"clear:both;display:block;\"><\/div><div class=\"shortcode-banner\" style=\"min-height: 400px;background-image: url(https:\/\/semiramishotel.hu\/wp-content\/uploads\/2018\/06\/Semiramis-hotel-Franciaagyas-zuhanyzos-szoba-ket-fore-6.jpg)\"><div class=\"shortcode-banner-bg wf-table\" style=\"padding: 35px;min-height: 400px\"><div class=\"shortcode-banner-inside wf-table text-normal\" style=\"background-color: rgb(255,255,255);background-color: rgba(255,255,255,0.81);border: solid 35px transparent;outline: solid 0px;height: 365px\"><div><h3 style=\"text-align: center;\"><span style=\"color: #333333;\">Francia\u00e1gyas, zuhanyz\u00f3s, utc\u00e1ra n\u00e9z\u0151 szoba k\u00e9t f\u0151re<br \/>\n<\/span><\/h3>\n<p style=\"text-align: center;\"><span style=\"color: #cbaa5c;\"><\/p>\n<div class=\"hr-thin\"><\/div>\n<p><\/span><\/p>\n<p style=\"text-align: center;\"><a id=\"default-btn-1\" class=\"default-btn-shortcode dt-btn dt-btn-m \" tabindex=\"0\" href=\"https:\/\/ibe.sabeeapp.com\/properties\/BUSINESS-HOTEL-Semiramis-foglal%C3%A1s\/?p=bSp48fe3960b0a29f7c&amp;checkin=24-10-2018&amp;checkout=25-10-2018\" target=\"_blank\" rel=\"noopener\">\u00c1rkalkul\u00e1ci\u00f3 \/ Foglal\u00e1s &gt;&gt;<\/a><\/p>\n<\/div><\/div><\/div><\/div>[\/vc_column][vc_column width=&#8221;1\/2&#8243;]<div class=\"shortcode-banner\" style=\"min-height: 400px;background-image: url(https:\/\/semiramishotel.hu\/wp-content\/uploads\/2018\/09\/franciaagyas-zuhanyzos-szoba.jpg)\"><div class=\"shortcode-banner-bg wf-table\" style=\"padding: 35px;min-height: 400px\"><div class=\"shortcode-banner-inside wf-table text-normal\" style=\"background-color: rgb(255,255,255);background-color: rgba(255,255,255,0.81);border: solid 35px transparent;outline: solid 0px;height: 365px\"><div><h3 style=\"text-align: center;\"><span style=\"color: #333333;\">Francia\u00e1gyas, zuhanyz\u00f3s, udvarra n\u00e9z\u0151, erk\u00e9lyes szoba egy f\u0151re<br \/>\n<\/span><\/h3>\n<p style=\"text-align: center;\"><span style=\"color: #cbaa5c;\"><\/p>\n<div class=\"hr-thin\"><\/div>\n<p><\/span><\/p>\n<p style=\"text-align: center;\"><a id=\"default-btn-1\" class=\"default-btn-shortcode dt-btn dt-btn-m \" tabindex=\"0\" href=\"https:\/\/ibe.sabeeapp.com\/properties\/BUSINESS-HOTEL-Semiramis-foglal%C3%A1s\/?p=bSp48fe3960b0a29f7c&amp;checkin=24-10-2018&amp;checkout=25-10-2018\" target=\"_blank\" rel=\"noopener\">\u00c1rkalkul\u00e1ci\u00f3 \/ Foglal\u00e1s &gt;&gt;<\/a><\/p>\n<\/div><\/div><\/div><\/div><div class=\"ult-spacer spacer-69ef23f8c5510\" data-id=\"69ef23f8c5510\" data-height=\"32\" data-height-mobile=\"32\" data-height-tab=\"32\" data-height-tab-portrait=\"\" data-height-mobile-landscape=\"\" style=\"clear:both;display:block;\"><\/div><div class=\"shortcode-banner\" style=\"min-height: 400px;background-image: url(https:\/\/semiramishotel.hu\/wp-content\/uploads\/2018\/09\/franciaagyas-szoba-ket-fore.jpg)\"><div class=\"shortcode-banner-bg wf-table\" style=\"padding: 35px;min-height: 400px\"><div class=\"shortcode-banner-inside wf-table text-normal\" style=\"background-color: rgb(255,255,255);background-color: rgba(255,255,255,0.81);border: solid 35px transparent;outline: solid 0px;height: 365px\"><div><h3 style=\"text-align: center;\"><span style=\"color: #333333;\">Francia\u00e1gyas, zuhanyz\u00f3s, utc\u00e1ra n\u00e9z\u0151, erk\u00e9lyes szoba k\u00e9t f\u0151re<br \/>\n<\/span><\/h3>\n<p style=\"text-align: center;\"><span style=\"color: #cbaa5c;\"><\/p>\n<div class=\"hr-thin\"><\/div>\n<p><\/span><\/p>\n<p style=\"text-align: center;\"><a id=\"default-btn-1\" class=\"default-btn-shortcode dt-btn dt-btn-m \" tabindex=\"0\" href=\"https:\/\/ibe.sabeeapp.com\/properties\/BUSINESS-HOTEL-Semiramis-foglal%C3%A1s\/?p=bSp48fe3960b0a29f7c&amp;checkin=24-10-2018&amp;checkout=25-10-2018\" target=\"_blank\" rel=\"noopener\">\u00c1rkalkul\u00e1ci\u00f3 \/ Foglal\u00e1s &gt;&gt;<\/a><\/p>\n<\/div><\/div><\/div><\/div><div class=\"ult-spacer spacer-69ef23f8c584b\" data-id=\"69ef23f8c584b\" data-height=\"32\" data-height-mobile=\"32\" data-height-tab=\"32\" data-height-tab-portrait=\"\" data-height-mobile-landscape=\"\" style=\"clear:both;display:block;\"><\/div><div class=\"shortcode-banner\" style=\"min-height: 400px;background-image: url(https:\/\/semiramishotel.hu\/wp-content\/uploads\/2018\/06\/Semiramis-Business-Hotel-standard-szoba-2-kulon-aggyal-4.jpg)\"><div class=\"shortcode-banner-bg wf-table\" style=\"padding: 35px;min-height: 400px\"><div class=\"shortcode-banner-inside wf-table text-normal\" style=\"background-color: rgb(255,255,255);background-color: rgba(255,255,255,0.81);border: solid 35px transparent;outline: solid 0px;height: 365px\"><div><h3 style=\"text-align: center;\"><span style=\"color: #333333;\">K\u00e9t\u00e1gyas, zuhanyz\u00f3s, utc\u00e1ra n\u00e9z\u0151, erk\u00e9lyes szoba k\u00e9t f\u0151re.<br \/>\n<\/span><\/h3>\n<p style=\"text-align: center;\"><span style=\"color: #cbaa5c;\"><\/p>\n<div class=\"hr-thin\"><\/div>\n<p><\/span><\/p>\n<p style=\"text-align: center;\"><a id=\"default-btn-1\" class=\"default-btn-shortcode dt-btn dt-btn-m \" tabindex=\"0\" href=\"https:\/\/ibe.sabeeapp.com\/properties\/BUSINESS-HOTEL-Semiramis-foglal%C3%A1s\/?p=bSp48fe3960b0a29f7c&amp;checkin=24-10-2018&amp;checkout=25-10-2018\" target=\"_blank\" rel=\"noopener\">\u00c1rkalkul\u00e1ci\u00f3 \/ Foglal\u00e1s &gt;&gt;<\/a><\/p>\n<\/div><\/div><\/div><\/div>[\/vc_column][\/vc_row]<\/p>\n","protected":false},"excerpt":{"rendered":"<p>[vc_row][vc_column width=&#8221;1\/2&#8243;][\/vc_column][vc_column width=&#8221;1\/2&#8243;][\/vc_column][\/vc_row]<\/p>\n","protected":false},"author":1,"featured_media":0,"parent":0,"menu_order":0,"comment_status":"closed","ping_status":"closed","template":"","meta":[],"class_list":["post-7","page","type-page","status-publish","hentry","description-off"],"yoast_head":"<!-- This site is optimized with the Yoast SEO plugin v24.7 - https:\/\/yoast.com\/wordpress\/plugins\/seo\/ -->\n<title>Szob\u00e1k - Semiramis Hotel<\/title>\n<meta name=\"robots\" content=\"index, follow, max-snippet:-1, max-image-preview:large, max-video-preview:-1\" \/>\n<link rel=\"canonical\" href=\"https:\/\/semiramishotel.hu\/hu\/szobak\/\" \/>\n<meta property=\"og:locale\" content=\"hu_HU\" \/>\n<meta property=\"og:type\" content=\"article\" \/>\n<meta property=\"og:title\" content=\"Szob\u00e1k - Semiramis Hotel\" \/>\n<meta property=\"og:description\" content=\"[vc_row][vc_column width=&#8221;1\/2&#8243;][\/vc_column][vc_column width=&#8221;1\/2&#8243;][\/vc_column][\/vc_row]\" \/>\n<meta property=\"og:url\" content=\"https:\/\/semiramishotel.hu\/hu\/szobak\/\" \/>\n<meta property=\"og:site_name\" content=\"Semiramis Hotel\" \/>\n<meta property=\"article:modified_time\" content=\"2018-11-14T16:34:44+00:00\" \/>\n<meta name=\"twitter:card\" content=\"summary_large_image\" \/>\n<meta name=\"twitter:label1\" content=\"Becs\u00fclt olvas\u00e1si id\u0151\" \/>\n\t<meta name=\"twitter:data1\" content=\"2 perc\" \/>\n<script type=\"application\/ld+json\" class=\"yoast-schema-graph\">{\"@context\":\"https:\/\/schema.org\",\"@graph\":[{\"@type\":\"WebPage\",\"@id\":\"https:\/\/semiramishotel.hu\/hu\/szobak\/\",\"url\":\"https:\/\/semiramishotel.hu\/hu\/szobak\/\",\"name\":\"Szob\u00e1k - Semiramis Hotel\",\"isPartOf\":{\"@id\":\"https:\/\/semiramishotel.hu\/#website\"},\"datePublished\":\"2018-02-27T15:25:52+00:00\",\"dateModified\":\"2018-11-14T16:34:44+00:00\",\"breadcrumb\":{\"@id\":\"https:\/\/semiramishotel.hu\/hu\/szobak\/#breadcrumb\"},\"inLanguage\":\"hu\",\"potentialAction\":[{\"@type\":\"ReadAction\",\"target\":[\"https:\/\/semiramishotel.hu\/hu\/szobak\/\"]}]},{\"@type\":\"BreadcrumbList\",\"@id\":\"https:\/\/semiramishotel.hu\/hu\/szobak\/#breadcrumb\",\"itemListElement\":[{\"@type\":\"ListItem\",\"position\":1,\"name\":\"Home\",\"item\":\"https:\/\/semiramishotel.hu\/hu\/\"},{\"@type\":\"ListItem\",\"position\":2,\"name\":\"Szob\u00e1k\"}]},{\"@type\":\"WebSite\",\"@id\":\"https:\/\/semiramishotel.hu\/#website\",\"url\":\"https:\/\/semiramishotel.hu\/\",\"name\":\"Semiramis Hotel\",\"description\":\"... egy \u00fajabb WordPress honlap...\",\"potentialAction\":[{\"@type\":\"SearchAction\",\"target\":{\"@type\":\"EntryPoint\",\"urlTemplate\":\"https:\/\/semiramishotel.hu\/?s={search_term_string}\"},\"query-input\":{\"@type\":\"PropertyValueSpecification\",\"valueRequired\":true,\"valueName\":\"search_term_string\"}}],\"inLanguage\":\"hu\"}]}<\/script>\n<!-- \/ Yoast SEO plugin. -->","yoast_head_json":{"title":"Szob\u00e1k - Semiramis Hotel","robots":{"index":"index","follow":"follow","max-snippet":"max-snippet:-1","max-image-preview":"max-image-preview:large","max-video-preview":"max-video-preview:-1"},"canonical":"https:\/\/semiramishotel.hu\/hu\/szobak\/","og_locale":"hu_HU","og_type":"article","og_title":"Szob\u00e1k - Semiramis Hotel","og_description":"[vc_row][vc_column width=&#8221;1\/2&#8243;][\/vc_column][vc_column width=&#8221;1\/2&#8243;][\/vc_column][\/vc_row]","og_url":"https:\/\/semiramishotel.hu\/hu\/szobak\/","og_site_name":"Semiramis Hotel","article_modified_time":"2018-11-14T16:34:44+00:00","twitter_card":"summary_large_image","twitter_misc":{"Becs\u00fclt olvas\u00e1si id\u0151":"2 perc"},"schema":{"@context":"https:\/\/schema.org","@graph":[{"@type":"WebPage","@id":"https:\/\/semiramishotel.hu\/hu\/szobak\/","url":"https:\/\/semiramishotel.hu\/hu\/szobak\/","name":"Szob\u00e1k - Semiramis Hotel","isPartOf":{"@id":"https:\/\/semiramishotel.hu\/#website"},"datePublished":"2018-02-27T15:25:52+00:00","dateModified":"2018-11-14T16:34:44+00:00","breadcrumb":{"@id":"https:\/\/semiramishotel.hu\/hu\/szobak\/#breadcrumb"},"inLanguage":"hu","potentialAction":[{"@type":"ReadAction","target":["https:\/\/semiramishotel.hu\/hu\/szobak\/"]}]},{"@type":"BreadcrumbList","@id":"https:\/\/semiramishotel.hu\/hu\/szobak\/#breadcrumb","itemListElement":[{"@type":"ListItem","position":1,"name":"Home","item":"https:\/\/semiramishotel.hu\/hu\/"},{"@type":"ListItem","position":2,"name":"Szob\u00e1k"}]},{"@type":"WebSite","@id":"https:\/\/semiramishotel.hu\/#website","url":"https:\/\/semiramishotel.hu\/","name":"Semiramis Hotel","description":"... egy \u00fajabb WordPress honlap...","potentialAction":[{"@type":"SearchAction","target":{"@type":"EntryPoint","urlTemplate":"https:\/\/semiramishotel.hu\/?s={search_term_string}"},"query-input":{"@type":"PropertyValueSpecification","valueRequired":true,"valueName":"search_term_string"}}],"inLanguage":"hu"}]}},"_links":{"self":[{"href":"https:\/\/semiramishotel.hu\/hu\/wp-json\/wp\/v2\/pages\/7\/"}],"collection":[{"href":"https:\/\/semiramishotel.hu\/hu\/wp-json\/wp\/v2\/pages\/"}],"about":[{"href":"https:\/\/semiramishotel.hu\/hu\/wp-json\/wp\/v2\/types\/page\/"}],"author":[{"embeddable":true,"href":"https:\/\/semiramishotel.hu\/hu\/wp-json\/wp\/v2\/users\/1\/"}],"replies":[{"embeddable":true,"href":"https:\/\/semiramishotel.hu\/hu\/wp-json\/wp\/v2\/comments\/?post=7"}],"version-history":[{"count":16,"href":"https:\/\/semiramishotel.hu\/hu\/wp-json\/wp\/v2\/pages\/7\/revisions\/"}],"predecessor-version":[{"id":408,"href":"https:\/\/semiramishotel.hu\/hu\/wp-json\/wp\/v2\/pages\/7\/revisions\/408\/"}],"wp:attachment":[{"href":"https:\/\/semiramishotel.hu\/hu\/wp-json\/wp\/v2\/media\/?parent=7"}],"curies":[{"name":"wp","href":"https:\/\/api.w.org\/{rel}","templated":true}]}}