{"id":82,"date":"2018-03-05T11:05:08","date_gmt":"2018-03-05T11:05:08","guid":{"rendered":"http:\/\/semiramishotel.hu\/?page_id=82"},"modified":"2025-03-27T17:42:39","modified_gmt":"2025-03-27T15:42:39","slug":"velemenyek","status":"publish","type":"page","link":"https:\/\/semiramishotel.hu\/hu\/velemenyek\/","title":{"rendered":"V\u00e9lem\u00e9nyek"},"content":{"rendered":"<p>[vc_row][vc_column]<style type=\"text\/css\" data-type=\"the7_shortcodes-inline-css\">.dt-testimonials-shortcode.testimonials-masonry-shortcode-id-1.content-bg-on .testimonial-item {\n  background: #e7eaef;\n}\n.dt-testimonials-shortcode.testimonials-masonry-shortcode-id-1 .testimonial-item {\n  padding: 30px 30px 20px 30px;\n}\n.dt-testimonials-shortcode.testimonials-masonry-shortcode-id-1 .testimonial-name,\n.dt-testimonials-shortcode.testimonials-masonry-shortcode-id-1 .testimonial-name a,\n.dt-testimonials-shortcode.testimonials-masonry-shortcode-id-1 .testimonial-name span {\n  margin-bottom: 22px;\n  font-style: ;\n  font-weight: bold;\n  text-transform: ;\n}\n.dt-testimonials-shortcode.testimonials-masonry-shortcode-id-1 .testimonial-position,\n.dt-testimonials-shortcode.testimonials-masonry-shortcode-id-1 .testimonial-position span {\n  margin-bottom: 20px;\n  font-style: ;\n  font-weight: bold;\n  text-transform: ;\n}\n.dt-testimonials-shortcode.testimonials-masonry-shortcode-id-1  .testimonial-avatar {\n  padding: 0px 20px 20px 0px;\n  width: 80px;\n}\n.dt-testimonials-shortcode.testimonials-masonry-shortcode-id-1  .testimonial-avatar a,\n.dt-testimonials-shortcode.testimonials-masonry-shortcode-id-1  .testimonial-avatar img {\n  width: 80px;\n}\n.dt-testimonials-shortcode.testimonials-masonry-shortcode-id-1.layout-5:not(.hide-testimonial-avatar) .content-wrap,\n.dt-testimonials-shortcode.testimonials-masonry-shortcode-id-1.layout-6:not(.hide-testimonial-avatar) .content-wrap {\n  width: calc(100% - 80px - 20px - 0px);\n}\n.dt-testimonials-shortcode.testimonials-masonry-shortcode-id-1 .testimonial-content {\n  margin-bottom: 20px;\n  font-style: ;\n  font-weight: ;\n  text-transform: ;\n}\n.dt-testimonials-shortcode.testimonials-masonry-shortcode-id-1  .testimonial-avatar,\n.dt-testimonials-shortcode.testimonials-masonry-shortcode-id-1  .testimonial-avatar a.rollover,\n.dt-testimonials-shortcode.testimonials-masonry-shortcode-id-1  .testimonial-avatar a.rollover *,\n.dt-testimonials-shortcode.testimonials-masonry-shortcode-id-1  .testimonial-avatar img,\n.dt-testimonials-shortcode.testimonials-masonry-shortcode-id-1  .testimonial-avatar .no-avatar {\n  border-radius: 0px;\n}\n.dt-testimonials-shortcode.testimonials-masonry-shortcode-id-1  .testimonial-avatar .no-avatar {\n  height: 80px;\n}\n.dt-testimonials-shortcode.testimonials-masonry-shortcode-id-1  .testimonial-avatar .no-avatar {\n  font-size: 80px;\n  width: 80px;\n}\n.dt-testimonials-shortcode.testimonials-masonry-shortcode-id-1 .paginator a,\n.dt-testimonials-shortcode.testimonials-masonry-shortcode-id-1 .paginator a * {\n  color: ;\n}\n<\/style><div class=\"dt-testimonials-masonry-shortcode dt-testimonials-shortcode testimonials-masonry-shortcode-id-1 loading-effect-none content-align-center mode-grid content-bg-on layout-3 hide-testimonial-avatar scale-img jquery-filter resize-by-browser-width  vc_custom_1743090150620 \" data-padding=\"20px\" data-cur-page=\"1\" data-post-limit=\"-1\" data-pagination-mode=\"none\" data-desktop-columns-num=\"3\" data-v-tablet-columns-num=\"2\" data-h-tablet-columns-num=\"3\" data-phone-columns-num=\"1\" data-width=\"0px\" data-columns=\"0\"><div class=\"iso-grid\" ><div class=\"wf-cell\" data-post-id=\"345\" data-date=\"2018-10-08T10:11:08+02:00\" data-name=\"Nagyszer\u0171\"><div class=\"testimonial-item\"><div class=\"testimonial-author\"><div class=\"testimonial-vcard\"><div class=\"testimonial-name\"><span class=\"text-primary\">Nagyszer\u0171<\/span><br \/><\/div><div class=\"testimonial-position\"><\/div><\/div><\/div><div class=\"testimonial-content\"><p>A reggeli b\u0151s\u00e9ges volt, a k\u00e1v\u00e9 nagyon finom!! Az agy nagyon k\u00e9nyelmes volt, az \u00e1gynem\u0171t \u00e9s a t\u00f6r\u00f6lk\u00f6z\u0151t im\u00e1dtam. A szem\u00e9lyzet kifog\u00e1stalan ahogy a kiszolg\u00e1l\u00e1s is.\u00a0A k\u00f6nt\u00f6st \u00e9s a papucsot ism\u00e9telten nagyon hi\u00e1nyoltam. &#8211; Anonim &#8211;<\/p>\n<\/div><\/div><\/div><div class=\"wf-cell\" data-post-id=\"343\" data-date=\"2018-10-08T10:02:59+02:00\" data-name=\"\u201eTal\u00e1n m\u00e9g egyetlen hotelommal sem voltam ennyire el\u00e9gedett, mint ezzel.\u201d\"><div class=\"testimonial-item\"><div class=\"testimonial-author\"><div class=\"testimonial-vcard\"><div class=\"testimonial-name\"><span class=\"text-primary\">\u201eTal\u00e1n m\u00e9g egyetlen hotelommal sem voltam ennyire el\u00e9gedett, mint ezzel.\u201d<\/span><br \/><\/div><div class=\"testimonial-position\"><\/div><\/div><\/div><div class=\"testimonial-content\"><p>Minden!Illatosan tiszta minden, t\u00e1gas helyis\u00e9gek,szolg\u00e1latk\u00e9sz szem\u00e9lyzet,b\u0151s\u00e9ges reggeli. &#8211; Em\u0151ke &#8211;<\/p>\n<\/div><\/div><\/div><div class=\"wf-cell\" data-post-id=\"342\" data-date=\"2018-10-08T10:01:50+02:00\" data-name=\"\u201eMinden rendben volt, szeretn\u00e9k m\u00e1skor is itt megsz\u00e1llni!\u201d\"><div class=\"testimonial-item\"><div class=\"testimonial-author\"><div class=\"testimonial-vcard\"><div class=\"testimonial-name\"><span class=\"text-primary\">\u201eMinden rendben volt, szeretn\u00e9k m\u00e1skor is itt megsz\u00e1llni!\u201d<\/span><br \/><\/div><div class=\"testimonial-position\"><\/div><\/div><\/div><div class=\"testimonial-content\"><p>Egy kicsit zavar\u00f3 volt a l\u00e9gkondi z\u00fag\u00e1sa,de sajnos am\u00fagy se b\u00edrom! Ez nem a sz\u00e1lloda hib\u00e1ja! K\u00e9nyelmes \u00e1gyak, kedves szem\u00e9lyzet, b\u0151s\u00e9ges a reggeli! &#8211; M\u00e1ria &#8211;<\/p>\n<\/div><\/div><\/div><div class=\"wf-cell\" data-post-id=\"341\" data-date=\"2018-10-08T09:47:46+02:00\" data-name=\"J\u00f3\"><div class=\"testimonial-item\"><div class=\"testimonial-author\"><div class=\"testimonial-vcard\"><div class=\"testimonial-name\"><span class=\"text-primary\">J\u00f3<\/span><br \/><\/div><div class=\"testimonial-position\"><\/div><\/div><\/div><div class=\"testimonial-content\"><p>Nem ig\u00e9nyelt\u00fck, m\u00e9gis takar\u00edtva volt. Sz\u00e9p munk\u00e1t v\u00e9geztek a sz\u00f3ban. &#8211; Zambor &#8211;<\/p>\n<\/div><\/div><\/div><div class=\"wf-cell\" data-post-id=\"77\" data-date=\"2018-03-05T10:39:45+02:00\" data-name=\"\u201eKellemes kis bar\u00e1ts\u00e1gos hotel.\u201d\"><div class=\"testimonial-item\"><div class=\"testimonial-author\"><div class=\"testimonial-vcard\"><div class=\"testimonial-name\"><span class=\"text-primary\">\u201eKellemes kis bar\u00e1ts\u00e1gos hotel.\u201d<\/span><br \/><\/div><div class=\"testimonial-position\"><\/div><\/div><\/div><div class=\"testimonial-content\"><p>Kifog\u00e1stalan, b\u0151s\u00e9ges sv\u00e9dasztalos reggeli, tiszta rendezett szoba, kedves szem\u00e9lyzet. &#8211; Agocs &#8211;<\/p>\n<\/div><\/div><\/div><div class=\"wf-cell\" data-post-id=\"76\" data-date=\"2018-03-05T10:32:29+02:00\" data-name=\"&quot;Nagyon j\u00f3&quot;\"><div class=\"testimonial-item\"><div class=\"testimonial-author\"><div class=\"testimonial-vcard\"><div class=\"testimonial-name\"><span class=\"text-primary\">&#8222;Nagyon j\u00f3&#8221;<\/span><br \/><\/div><div class=\"testimonial-position\"><\/div><\/div><\/div><div class=\"testimonial-content\"><p>Nagyon figyelmes \u00e9s kedves volt a szem\u00e9lyzet! &#8211; Emese &#8211;<\/p>\n<\/div><\/div><\/div><div class=\"wf-cell\" data-post-id=\"75\" data-date=\"2018-03-05T10:32:04+02:00\" data-name=\"\u201eKiv\u00e1ll\u00f3, ha megyek Szolnokra ism\u00e9t ezt a sz\u00e1ll\u00e1st v\u00e1lasztom!\u201d\"><div class=\"testimonial-item\"><div class=\"testimonial-author\"><div class=\"testimonial-vcard\"><div class=\"testimonial-name\"><span class=\"text-primary\">\u201eKiv\u00e1ll\u00f3, ha megyek Szolnokra ism\u00e9t ezt a sz\u00e1ll\u00e1st v\u00e1lasztom!\u201d<\/span><br \/><\/div><div class=\"testimonial-position\"><\/div><\/div><\/div><div class=\"testimonial-content\"><p>A fogad\u00e1s, a reggeli, mindk\u00e9t recepci\u00f3s tisztelete, mosolya ,\u00e9s odafigyel\u00e9se. &#8211; Aranka &#8211;<\/p>\n<\/div><\/div><\/div><div class=\"wf-cell\" data-post-id=\"74\" data-date=\"2018-03-05T10:31:07+02:00\" data-name=\"\u201eK\u00f6sz\u00f6nj\u00fck a sz\u00e1ll\u00e1st.\u201d\"><div class=\"testimonial-item\"><div class=\"testimonial-author\"><div class=\"testimonial-vcard\"><div class=\"testimonial-name\"><span class=\"text-primary\">\u201eK\u00f6sz\u00f6nj\u00fck a sz\u00e1ll\u00e1st.\u201d<\/span><br \/><\/div><div class=\"testimonial-position\"><\/div><\/div><\/div><div class=\"testimonial-content\"><p>K\u00e9rt\u00fcnk m\u00e9g 2 db k\u00fcl\u00f6n paplant, \u00e9s perceken bel\u00fcl megkaptuk. (Az \u00e1gyon csak 1 k\u00f6z\u00f6s paplanunk lett volna.) Tetszett m\u00e9g a reggeli k\u00e1v\u00e9 b\u0151s\u00e9ges v\u00e1laszt\u00e9ka, \u00e9s a reggeli sokf\u00e9les\u00e9ge. \u00cdzletes volt a reggeli.\u00a0Vacsor\u00e1t nem lehetett rendelni. &#8211; Anonim &#8211;<\/p>\n<\/div><\/div><\/div><\/div><!-- iso-container|iso-grid --><\/div><div class=\"wf-container loading-effect-none iso-container\" data-padding=\"20px\" data-cur-page=\"1\" data-width=\"370px\" data-columns=\"2\">\n<div class=\"wf-cell iso-item\" data-post-id=\"345\" data-date=\"2018-10-08T10:11:08+02:00\" data-name=\"Nagyszer\u0171\">\n    <div class=\"testimonial-item\">\n\t\t<article>\n\t<div class=\"testimonial-content\"><p>A reggeli b\u0151s\u00e9ges volt, a k\u00e1v\u00e9 nagyon finom!! Az agy nagyon k\u00e9nyelmes volt, az \u00e1gynem\u0171t \u00e9s a t\u00f6r\u00f6lk\u00f6z\u0151t im\u00e1dtam. A szem\u00e9lyzet kifog\u00e1stalan ahogy a kiszolg\u00e1l\u00e1s is.\u00a0A k\u00f6nt\u00f6st \u00e9s a papucsot ism\u00e9telten nagyon hi\u00e1nyoltam.<\/p>\n<p>&#8211; Anonim &#8211;<\/p>\n<\/div>\n\t<div class=\"testimonial-vcard\"><div class=\"testimonial-thumbnail\"><span class=\"alignleft no-avatar\"><\/span><\/div><div class=\"testimonial-desc\"><span class=\"text-primary\">Nagyszer\u0171<\/span><br \/><\/div><\/div>\n<\/article>\n    <\/div>\n\n<\/div>\n<div class=\"wf-cell iso-item\" data-post-id=\"343\" data-date=\"2018-10-08T10:02:59+02:00\" data-name=\"\u201eTal\u00e1n m\u00e9g egyetlen hotelommal sem voltam ennyire el\u00e9gedett, mint ezzel.\u201d\">\n    <div class=\"testimonial-item\">\n\t\t<article>\n\t<div class=\"testimonial-content\"><p>Minden!Illatosan tiszta minden, t\u00e1gas helyis\u00e9gek,szolg\u00e1latk\u00e9sz szem\u00e9lyzet,b\u0151s\u00e9ges reggeli.<\/p>\n<p>&#8211; Em\u0151ke &#8211;<\/p>\n<\/div>\n\t<div class=\"testimonial-vcard\"><div class=\"testimonial-thumbnail\"><span class=\"alignleft no-avatar\"><\/span><\/div><div class=\"testimonial-desc\"><span class=\"text-primary\">\u201eTal\u00e1n m\u00e9g egyetlen hotelommal sem voltam ennyire el\u00e9gedett, mint ezzel.\u201d<\/span><br \/><\/div><\/div>\n<\/article>\n    <\/div>\n\n<\/div>\n<div class=\"wf-cell iso-item\" data-post-id=\"342\" data-date=\"2018-10-08T10:01:50+02:00\" data-name=\"\u201eMinden rendben volt, szeretn\u00e9k m\u00e1skor is itt megsz\u00e1llni!\u201d\">\n    <div class=\"testimonial-item\">\n\t\t<article>\n\t<div class=\"testimonial-content\"><p class=\"review_neg \">Egy kicsit zavar\u00f3 volt a l\u00e9gkondi z\u00fag\u00e1sa,de sajnos am\u00fagy se b\u00edrom! Ez nem a sz\u00e1lloda hib\u00e1ja! K\u00e9nyelmes \u00e1gyak, kedves szem\u00e9lyzet, b\u0151s\u00e9ges a reggeli!<\/p>\n<p class=\"review_pos \">&#8211; M\u00e1ria &#8211;<\/p>\n<\/div>\n\t<div class=\"testimonial-vcard\"><div class=\"testimonial-thumbnail\"><span class=\"alignleft no-avatar\"><\/span><\/div><div class=\"testimonial-desc\"><span class=\"text-primary\">\u201eMinden rendben volt, szeretn\u00e9k m\u00e1skor is itt megsz\u00e1llni!\u201d<\/span><br \/><\/div><\/div>\n<\/article>\n    <\/div>\n\n<\/div>\n<div class=\"wf-cell iso-item\" data-post-id=\"341\" data-date=\"2018-10-08T09:47:46+02:00\" data-name=\"J\u00f3\">\n    <div class=\"testimonial-item\">\n\t\t<article>\n\t<div class=\"testimonial-content\"><p>Nem ig\u00e9nyelt\u00fck, m\u00e9gis takar\u00edtva volt. Sz\u00e9p munk\u00e1t v\u00e9geztek a sz\u00f3ban.<\/p>\n<p>&#8211; Zambor &#8211;<\/p>\n<\/div>\n\t<div class=\"testimonial-vcard\"><div class=\"testimonial-thumbnail\"><span class=\"alignleft no-avatar\"><\/span><\/div><div class=\"testimonial-desc\"><span class=\"text-primary\">J\u00f3<\/span><br \/><\/div><\/div>\n<\/article>\n    <\/div>\n\n<\/div>\n<div class=\"wf-cell iso-item\" data-post-id=\"77\" data-date=\"2018-03-05T10:39:45+02:00\" data-name=\"\u201eKellemes kis bar\u00e1ts\u00e1gos hotel.\u201d\">\n    <div class=\"testimonial-item\">\n\t\t<article>\n\t<div class=\"testimonial-content\"><p>Kifog\u00e1stalan, b\u0151s\u00e9ges sv\u00e9dasztalos reggeli, tiszta rendezett szoba, kedves szem\u00e9lyzet. &#8211; Agocs &#8211;<\/p>\n<\/div>\n\t<div class=\"testimonial-vcard\"><div class=\"testimonial-thumbnail\"><span class=\"alignleft no-avatar\"><\/span><\/div><div class=\"testimonial-desc\"><span class=\"text-primary\">\u201eKellemes kis bar\u00e1ts\u00e1gos hotel.\u201d<\/span><br \/><\/div><\/div>\n<\/article>\n    <\/div>\n\n<\/div>\n<div class=\"wf-cell iso-item\" data-post-id=\"76\" data-date=\"2018-03-05T10:32:29+02:00\" data-name=\"&quot;Nagyon j\u00f3&quot;\">\n    <div class=\"testimonial-item\">\n\t\t<article>\n\t<div class=\"testimonial-content\"><p>Nagyon figyelmes \u00e9s kedves volt a szem\u00e9lyzet!<\/p>\n<p>&#8211; Emese &#8211;<\/p>\n<\/div>\n\t<div class=\"testimonial-vcard\"><div class=\"testimonial-thumbnail\"><span class=\"alignleft no-avatar\"><\/span><\/div><div class=\"testimonial-desc\"><span class=\"text-primary\">&#8222;Nagyon j\u00f3&#8221;<\/span><br \/><\/div><\/div>\n<\/article>\n    <\/div>\n\n<\/div>\n<div class=\"wf-cell iso-item\" data-post-id=\"75\" data-date=\"2018-03-05T10:32:04+02:00\" data-name=\"\u201eKiv\u00e1ll\u00f3, ha megyek Szolnokra ism\u00e9t ezt a sz\u00e1ll\u00e1st v\u00e1lasztom!\u201d\">\n    <div class=\"testimonial-item\">\n\t\t<article>\n\t<div class=\"testimonial-content\"><p>A fogad\u00e1s, a reggeli, mindk\u00e9t recepci\u00f3s tisztelete, mosolya ,\u00e9s odafigyel\u00e9se.<\/p>\n<p>&#8211; Aranka &#8211;<\/p>\n<\/div>\n\t<div class=\"testimonial-vcard\"><div class=\"testimonial-thumbnail\"><span class=\"alignleft no-avatar\"><\/span><\/div><div class=\"testimonial-desc\"><span class=\"text-primary\">\u201eKiv\u00e1ll\u00f3, ha megyek Szolnokra ism\u00e9t ezt a sz\u00e1ll\u00e1st v\u00e1lasztom!\u201d<\/span><br \/><\/div><\/div>\n<\/article>\n    <\/div>\n\n<\/div>\n<div class=\"wf-cell iso-item\" data-post-id=\"74\" data-date=\"2018-03-05T10:31:07+02:00\" data-name=\"\u201eK\u00f6sz\u00f6nj\u00fck a sz\u00e1ll\u00e1st.\u201d\">\n    <div class=\"testimonial-item\">\n\t\t<article>\n\t<div class=\"testimonial-content\"><p>K\u00e9rt\u00fcnk m\u00e9g 2 db k\u00fcl\u00f6n paplant, \u00e9s perceken bel\u00fcl megkaptuk. (Az \u00e1gyon csak 1 k\u00f6z\u00f6s paplanunk lett volna.) Tetszett m\u00e9g a reggeli k\u00e1v\u00e9 b\u0151s\u00e9ges v\u00e1laszt\u00e9ka, \u00e9s a reggeli sokf\u00e9les\u00e9ge. \u00cdzletes volt a reggeli.\u00a0Vacsor\u00e1t nem lehetett rendelni.<\/p>\n<p>&#8211; Anonim &#8211;<\/p>\n<\/div>\n\t<div class=\"testimonial-vcard\"><div class=\"testimonial-thumbnail\"><span class=\"alignleft no-avatar\"><\/span><\/div><div class=\"testimonial-desc\"><span class=\"text-primary\">\u201eK\u00f6sz\u00f6nj\u00fck a sz\u00e1ll\u00e1st.\u201d<\/span><br \/><\/div><\/div>\n<\/article>\n    <\/div>\n\n<\/div><\/div>[\/vc_column][\/vc_row]<\/p>\n","protected":false},"excerpt":{"rendered":"<p>[vc_row][vc_column][\/vc_column][\/vc_row]<\/p>\n","protected":false},"author":1,"featured_media":0,"parent":0,"menu_order":0,"comment_status":"closed","ping_status":"closed","template":"","meta":[],"class_list":["post-82","page","type-page","status-publish","hentry","description-off"],"yoast_head":"<!-- This site is optimized with the Yoast SEO plugin v24.7 - https:\/\/yoast.com\/wordpress\/plugins\/seo\/ -->\n<title>V\u00e9lem\u00e9nyek - Semiramis Hotel<\/title>\n<meta name=\"robots\" content=\"index, follow, max-snippet:-1, max-image-preview:large, max-video-preview:-1\" \/>\n<link rel=\"canonical\" href=\"https:\/\/semiramishotel.hu\/hu\/velemenyek\/\" \/>\n<meta property=\"og:locale\" content=\"hu_HU\" \/>\n<meta property=\"og:type\" content=\"article\" \/>\n<meta property=\"og:title\" content=\"V\u00e9lem\u00e9nyek - Semiramis Hotel\" \/>\n<meta property=\"og:description\" content=\"[vc_row][vc_column][\/vc_column][\/vc_row]\" \/>\n<meta property=\"og:url\" content=\"https:\/\/semiramishotel.hu\/hu\/velemenyek\/\" \/>\n<meta property=\"og:site_name\" content=\"Semiramis Hotel\" \/>\n<meta property=\"article:modified_time\" content=\"2025-03-27T15:42:39+00:00\" \/>\n<meta name=\"twitter:card\" content=\"summary_large_image\" \/>\n<meta name=\"twitter:label1\" content=\"Becs\u00fclt olvas\u00e1si id\u0151\" \/>\n\t<meta name=\"twitter:data1\" content=\"1 perc\" \/>\n<script type=\"application\/ld+json\" class=\"yoast-schema-graph\">{\"@context\":\"https:\/\/schema.org\",\"@graph\":[{\"@type\":\"WebPage\",\"@id\":\"https:\/\/semiramishotel.hu\/hu\/velemenyek\/\",\"url\":\"https:\/\/semiramishotel.hu\/hu\/velemenyek\/\",\"name\":\"V\u00e9lem\u00e9nyek - Semiramis Hotel\",\"isPartOf\":{\"@id\":\"https:\/\/semiramishotel.hu\/#website\"},\"datePublished\":\"2018-03-05T11:05:08+00:00\",\"dateModified\":\"2025-03-27T15:42:39+00:00\",\"breadcrumb\":{\"@id\":\"https:\/\/semiramishotel.hu\/hu\/velemenyek\/#breadcrumb\"},\"inLanguage\":\"hu\",\"potentialAction\":[{\"@type\":\"ReadAction\",\"target\":[\"https:\/\/semiramishotel.hu\/hu\/velemenyek\/\"]}]},{\"@type\":\"BreadcrumbList\",\"@id\":\"https:\/\/semiramishotel.hu\/hu\/velemenyek\/#breadcrumb\",\"itemListElement\":[{\"@type\":\"ListItem\",\"position\":1,\"name\":\"Home\",\"item\":\"https:\/\/semiramishotel.hu\/hu\/\"},{\"@type\":\"ListItem\",\"position\":2,\"name\":\"V\u00e9lem\u00e9nyek\"}]},{\"@type\":\"WebSite\",\"@id\":\"https:\/\/semiramishotel.hu\/#website\",\"url\":\"https:\/\/semiramishotel.hu\/\",\"name\":\"Semiramis Hotel\",\"description\":\"... egy \u00fajabb WordPress honlap...\",\"potentialAction\":[{\"@type\":\"SearchAction\",\"target\":{\"@type\":\"EntryPoint\",\"urlTemplate\":\"https:\/\/semiramishotel.hu\/?s={search_term_string}\"},\"query-input\":{\"@type\":\"PropertyValueSpecification\",\"valueRequired\":true,\"valueName\":\"search_term_string\"}}],\"inLanguage\":\"hu\"}]}<\/script>\n<!-- \/ Yoast SEO plugin. -->","yoast_head_json":{"title":"V\u00e9lem\u00e9nyek - Semiramis Hotel","robots":{"index":"index","follow":"follow","max-snippet":"max-snippet:-1","max-image-preview":"max-image-preview:large","max-video-preview":"max-video-preview:-1"},"canonical":"https:\/\/semiramishotel.hu\/hu\/velemenyek\/","og_locale":"hu_HU","og_type":"article","og_title":"V\u00e9lem\u00e9nyek - Semiramis Hotel","og_description":"[vc_row][vc_column][\/vc_column][\/vc_row]","og_url":"https:\/\/semiramishotel.hu\/hu\/velemenyek\/","og_site_name":"Semiramis Hotel","article_modified_time":"2025-03-27T15:42:39+00:00","twitter_card":"summary_large_image","twitter_misc":{"Becs\u00fclt olvas\u00e1si id\u0151":"1 perc"},"schema":{"@context":"https:\/\/schema.org","@graph":[{"@type":"WebPage","@id":"https:\/\/semiramishotel.hu\/hu\/velemenyek\/","url":"https:\/\/semiramishotel.hu\/hu\/velemenyek\/","name":"V\u00e9lem\u00e9nyek - Semiramis Hotel","isPartOf":{"@id":"https:\/\/semiramishotel.hu\/#website"},"datePublished":"2018-03-05T11:05:08+00:00","dateModified":"2025-03-27T15:42:39+00:00","breadcrumb":{"@id":"https:\/\/semiramishotel.hu\/hu\/velemenyek\/#breadcrumb"},"inLanguage":"hu","potentialAction":[{"@type":"ReadAction","target":["https:\/\/semiramishotel.hu\/hu\/velemenyek\/"]}]},{"@type":"BreadcrumbList","@id":"https:\/\/semiramishotel.hu\/hu\/velemenyek\/#breadcrumb","itemListElement":[{"@type":"ListItem","position":1,"name":"Home","item":"https:\/\/semiramishotel.hu\/hu\/"},{"@type":"ListItem","position":2,"name":"V\u00e9lem\u00e9nyek"}]},{"@type":"WebSite","@id":"https:\/\/semiramishotel.hu\/#website","url":"https:\/\/semiramishotel.hu\/","name":"Semiramis Hotel","description":"... egy \u00fajabb WordPress honlap...","potentialAction":[{"@type":"SearchAction","target":{"@type":"EntryPoint","urlTemplate":"https:\/\/semiramishotel.hu\/?s={search_term_string}"},"query-input":{"@type":"PropertyValueSpecification","valueRequired":true,"valueName":"search_term_string"}}],"inLanguage":"hu"}]}},"_links":{"self":[{"href":"https:\/\/semiramishotel.hu\/hu\/wp-json\/wp\/v2\/pages\/82\/"}],"collection":[{"href":"https:\/\/semiramishotel.hu\/hu\/wp-json\/wp\/v2\/pages\/"}],"about":[{"href":"https:\/\/semiramishotel.hu\/hu\/wp-json\/wp\/v2\/types\/page\/"}],"author":[{"embeddable":true,"href":"https:\/\/semiramishotel.hu\/hu\/wp-json\/wp\/v2\/users\/1\/"}],"replies":[{"embeddable":true,"href":"https:\/\/semiramishotel.hu\/hu\/wp-json\/wp\/v2\/comments\/?post=82"}],"version-history":[{"count":6,"href":"https:\/\/semiramishotel.hu\/hu\/wp-json\/wp\/v2\/pages\/82\/revisions\/"}],"predecessor-version":[{"id":520,"href":"https:\/\/semiramishotel.hu\/hu\/wp-json\/wp\/v2\/pages\/82\/revisions\/520\/"}],"wp:attachment":[{"href":"https:\/\/semiramishotel.hu\/hu\/wp-json\/wp\/v2\/media\/?parent=82"}],"curies":[{"name":"wp","href":"https:\/\/api.w.org\/{rel}","templated":true}]}}